{"id":15516,"date":"2019-05-08T13:32:31","date_gmt":"2019-05-08T11:32:31","guid":{"rendered":"https:\/\/inytium.com\/nos-clients\/salles-de-spectacle\/"},"modified":"2020-03-05T14:04:21","modified_gmt":"2020-03-05T13:04:21","slug":"theatres-and-concert-halls","status":"publish","type":"page","link":"https:\/\/inytium.com\/en\/our-clients\/theatres-and-concert-halls\/","title":{"rendered":"Theatres and concert halls"},"content":{"rendered":"<p>[vc_row full_width=&#8221;stretch_row_content_no_spaces&#8221; equal_height=&#8221;yes&#8221; content_placement=&#8221;middle&#8221;][vc_column width=&#8221;1\/2&#8243; el_class=&#8221;home-padding2&#8243;]<div class=\"ult-content-box-container \" >\t\t<div class=\"ult-content-box\" style=\"background-color:#ffffff;box-shadow: px px px px none;padding-top:100px;padding-right:80px;padding-bottom:100px;padding-left:80px;-webkit-transition: all 700ms ease;-moz-transition: all 700ms ease;-ms-transition: all 700ms ease;-o-transition: all 700ms ease;transition: all 700ms ease;\"  data-hover_box_shadow=\"none\"     data-bg=\"#ffffff\" >[vc_column_text]Creating a dream! Making us forget the contingencies of everyday life! This magic into which actors and dancers, musicians and other illusionists draw us can only be achieved relying on very real logistics! Better than that: on cutting-edge systems, perfectly reliable and carefully adjusted. This is the added value provided by INYTIUM to achieve this fascinating paradox for you, day after day![\/vc_column_text]\t\t<\/div><\/div>[\/vc_column][vc_column width=&#8221;1\/2&#8243; css=&#8221;.vc_custom_1560174634102{background-image: url(https:\/\/inytium.com\/wp-content\/uploads\/2019\/06\/20180118_inytium_03.jpg?id=14901) !important;background-position: center !important;background-repeat: no-repeat !important;background-size: cover !important;}&#8221; el_class=&#8221;minheightbox-mobile&#8221;][\/vc_column][\/vc_row][vc_row bg_type=&#8221;bg_color&#8221; bg_override=&#8221;full&#8221; css=&#8221;.vc_custom_1559801972862{padding-top: 60px !important;padding-bottom: 60px !important;}&#8221; bg_color_value=&#8221;#7f7e80&#8243;][vc_column][vc_column_text]<\/p>\n<h3 class=\"nice-h3 white-text\">Three iconic references<\/h3>\n<p>[\/vc_column_text][\/vc_column][vc_column width=&#8221;1\/3&#8243;]<div class=\"flip-box-wrap\" style=\"\"><div class=\"flip-box ifb-jq-height crac horizontal_flip_left flip-ifb-jq-height\"  style=\"\" ><div class=\"ifb-flip-box\" id=\"flip-box-wrap-3210\"><div class=\"ifb-face ifb-front \" style=\"color:#333333;background:#efefef; border-width: 2px;border-style: solid; border-color:#a4a4a4; border-radius: px;\">\r\n\t\t\t\t\t\t\t<div class=\"ifb-flip-box-section \">\r\n\t\t\t\t\t\t\t<h3 class=\"ult-responsive flipbox_heading\"  data-ultimate-target='#flip-box-wrap-3210 .ult-responsive.flipbox_heading'  data-responsive-json-new='{\"font-size\":\"\",\"line-height\":\"\"}'  style=\"color:#333333; \">CRAC\u2019s in Sambreville<\/h3><\/div><\/div><!-- END .front -->\r\n\t\t\t\t\t\t<div class=\"ifb-face ifb-back\" style=\"color:#333333;background:#efefef; border-width: 2px;border-style: solid; border-color:#a4a4a4; border-radius: px;\">\r\n\t\t\t\t\t\t\t<div class=\"ifb-flip-box-section \"><h3 class=\"ult-responsive flipbox_heading\"  data-ultimate-target='#flip-box-wrap-3210 .ult-responsive.flipbox_heading'  data-responsive-json-new='{\"font-size\":\"\",\"line-height\":\"\"}'  style=\"color:#333333; \">CRAC\u2019s in Sambreville<\/h3><div class=\"ifb-desc-back\"><div class=\"ifb-flip-box-section-content ult-responsive\"  data-ultimate-target='#flip-box-wrap-3210 .ifb-flip-box-section-content.ult-responsive'  data-responsive-json-new='{\"font-size\":\"\",\"line-height\":\"\"}'  style=\"color:#333333;color:#333333;\"><p>For the 2017 renovation, INYTIUM was to be in charge of all the audiovisual elements, as well as the supply<br \/>\nof equipment.<\/p><\/div><\/div><div class=\"flip_link\"><a href=\"\/en\/portfolio\/renovation-of-the-sambreville-cultural-centre\/\" title=\"R\u00e9novation du centre culturel de Sambreville\"  style=\"background:#81d644; color:#ffffff;\">READ MORE<\/a><\/div><\/div><\/div><!-- END .back --><\/div> <!-- ifb-flip-box --><\/div> <!-- flip-box --><\/div><!-- End icon block -->[\/vc_column][vc_column width=&#8221;1\/3&#8243;]<div class=\"flip-box-wrap\" style=\"\"><div class=\"flip-box ifb-jq-height theatre horizontal_flip_left flip-ifb-jq-height\"  style=\"\" ><div class=\"ifb-flip-box\" id=\"flip-box-wrap-5534\"><div class=\"ifb-face ifb-front \" style=\"color:#333333;background:#efefef; border-width: 2px;border-style: solid; border-color:#a4a4a4; border-radius: px;\">\r\n\t\t\t\t\t\t\t<div class=\"ifb-flip-box-section \">\r\n\t\t\t\t\t\t\t<h3 class=\"ult-responsive flipbox_heading\"  data-ultimate-target='#flip-box-wrap-5534 .ult-responsive.flipbox_heading'  data-responsive-json-new='{\"font-size\":\"\",\"line-height\":\"\"}'  style=\"color:#333333; \">CENTRAL Theatre of the Centre Region<\/h3><\/div><\/div><!-- END .front -->\r\n\t\t\t\t\t\t<div class=\"ifb-face ifb-back\" style=\"color:#333333;background:#efefef; border-width: 2px;border-style: solid; border-color:#a4a4a4; border-radius: px;\">\r\n\t\t\t\t\t\t\t<div class=\"ifb-flip-box-section \"><h3 class=\"ult-responsive flipbox_heading\"  data-ultimate-target='#flip-box-wrap-5534 .ult-responsive.flipbox_heading'  data-responsive-json-new='{\"font-size\":\"\",\"line-height\":\"\"}'  style=\"color:#333333; \">CENTRAL Theatre of the Centre Region<\/h3><div class=\"ifb-desc-back\"><div class=\"ifb-flip-box-section-content ult-responsive\"  data-ultimate-target='#flip-box-wrap-5534 .ifb-flip-box-section-content.ult-responsive'  data-responsive-json-new='{\"font-size\":\"\",\"line-height\":\"\"}'  style=\"color:#333333;color:#333333;\"><p>Known for having welcomed the greatest of the great since 1958, the CENTRAL has been renovated. Our contribution: the stage lighting and the electroacoustics.<\/p><\/div><\/div><div class=\"flip_link\"><a href=\"https:\/\/inytium.com\/en\/portfolio\/la-louvieres-newly-refurbished-theatre\/\" title=\"Le nouveau th\u00e9\u00e2tre de La Louvi\u00e8re\"  style=\"background:#81d644; color:#ffffff;\">READ MORE<\/a><\/div><\/div><\/div><!-- END .back --><\/div> <!-- ifb-flip-box --><\/div> <!-- flip-box --><\/div><!-- End icon block -->[\/vc_column][vc_column width=&#8221;1\/3&#8243;]<div class=\"flip-box-wrap\" style=\"\"><div class=\"flip-box ifb-jq-height palais horizontal_flip_left flip-ifb-jq-height\"  style=\"\" ><div class=\"ifb-flip-box\" id=\"flip-box-wrap-6689\"><div class=\"ifb-face ifb-front \" style=\"color:#333333;background:#efefef; border-width: 2px;border-style: solid; border-color:#a4a4a4; border-radius: px;\">\r\n\t\t\t\t\t\t\t<div class=\"ifb-flip-box-section \">\r\n\t\t\t\t\t\t\t<h3 class=\"ult-responsive flipbox_heading\"  data-ultimate-target='#flip-box-wrap-6689 .ult-responsive.flipbox_heading'  data-responsive-json-new='{\"font-size\":\"\",\"line-height\":\"\"}'  style=\"color:#333333; \">Hall 12 \u2013 Heysel Brussels<\/h3><\/div><\/div><!-- END .front -->\r\n\t\t\t\t\t\t<div class=\"ifb-face ifb-back\" style=\"color:#333333;background:#efefef; border-width: 2px;border-style: solid; border-color:#a4a4a4; border-radius: px;\">\r\n\t\t\t\t\t\t\t<div class=\"ifb-flip-box-section \"><h3 class=\"ult-responsive flipbox_heading\"  data-ultimate-target='#flip-box-wrap-6689 .ult-responsive.flipbox_heading'  data-responsive-json-new='{\"font-size\":\"\",\"line-height\":\"\"}'  style=\"color:#333333; \">Hall 12 \u2013 Heysel Brussels<\/h3><div class=\"ifb-desc-back\"><div class=\"ifb-flip-box-section-content ult-responsive\"  data-ultimate-target='#flip-box-wrap-6689 .ifb-flip-box-section-content.ult-responsive'  data-responsive-json-new='{\"font-size\":\"\",\"line-height\":\"\"}'  style=\"color:#333333;color:#333333;\"><p>For its new gem, Brussels Expo called on INYTIUM for the interior equipment, first of all. And then to enhance<br \/>\nthe exterior.<\/p><\/div><\/div><div class=\"flip_link\"><a href=\"https:\/\/inytium.com\/en\/portfolio\/hall-12-is-a-wow\/\" title=\"Le Palais 12 vous en met plein la vue !\"  style=\"background:#81d644; color:#ffffff;\">READ MORE<\/a><\/div><\/div><\/div><!-- END .back --><\/div> <!-- ifb-flip-box --><\/div> <!-- flip-box --><\/div><!-- End icon block -->[\/vc_column][\/vc_row][vc_row full_width=&#8221;stretch_row&#8221; bg_type=&#8221;image&#8221; parallax_style=&#8221;vcpb-vz-jquery&#8221; bg_image_new=&#8221;id^14004|url^https:\/\/inytium.com\/wp-content\/uploads\/2019\/04\/317-2.jpg|caption^null|alt^null|title^Contact icons on keyboard button|description^null&#8221; css=&#8221;.vc_custom_1554983057647{padding-top: 70px !important;padding-bottom: 70px !important;}&#8221; el_class=&#8221;black-form&#8221;][vc_column][vc_column_text]<\/p>\n<h3 class=\"nice-h3\" style=\"color: #fff !important;\">Contact us for a free quote:<\/h3>\n<p>[\/vc_column_text]\n<div class=\"wpcf7 no-js\" id=\"wpcf7-f15678-o1\" lang=\"en-US\" dir=\"ltr\" data-wpcf7-id=\"15678\">\n<div class=\"screen-reader-response\"><p role=\"status\" aria-live=\"polite\" aria-atomic=\"true\"><\/p> <ul><\/ul><\/div>\n<form action=\"\/en\/wp-json\/wp\/v2\/pages\/15516#wpcf7-f15678-o1\" method=\"post\" class=\"wpcf7-form init\" aria-label=\"Contact form\" novalidate=\"novalidate\" data-status=\"init\">\n<div style=\"display: none;\">\n<input type=\"hidden\" name=\"_wpcf7\" value=\"15678\" \/>\n<input type=\"hidden\" name=\"_wpcf7_version\" value=\"6.0.3\" \/>\n<input type=\"hidden\" name=\"_wpcf7_locale\" value=\"en_US\" \/>\n<input type=\"hidden\" name=\"_wpcf7_unit_tag\" value=\"wpcf7-f15678-o1\" \/>\n<input type=\"hidden\" name=\"_wpcf7_container_post\" value=\"0\" \/>\n<input type=\"hidden\" name=\"_wpcf7_posted_data_hash\" value=\"\" \/>\n<input type=\"hidden\" name=\"_wpcf7_recaptcha_response\" value=\"\" \/>\n<\/div>\n<div class=\"larch-request-quote f1\">\n    <span class=\"wpcf7-form-control-wrap\" data-name=\"your-name\"><input size=\"40\" maxlength=\"400\" class=\"wpcf7-form-control wpcf7-text wpcf7-validates-as-required\" aria-required=\"true\" aria-invalid=\"false\" placeholder=\"First and last name*\" value=\"\" type=\"text\" name=\"your-name\" \/><\/span>\n    <span class=\"wpcf7-form-control-wrap\" data-name=\"your-email\"><input size=\"40\" maxlength=\"400\" class=\"wpcf7-form-control wpcf7-email wpcf7-validates-as-required wpcf7-text wpcf7-validates-as-email\" aria-required=\"true\" aria-invalid=\"false\" placeholder=\"E-mail*\" value=\"\" type=\"email\" name=\"your-email\" \/><\/span>\n<span class=\"wpcf7-form-control-wrap\" data-name=\"your-tel\"><input size=\"40\" maxlength=\"400\" class=\"wpcf7-form-control wpcf7-text\" aria-invalid=\"false\" placeholder=\"Phone\" value=\"\" type=\"text\" name=\"your-tel\" \/><\/span>\n<\/div>\n\n<div class=\"larch-request-quote f2\">\n<span class=\"wpcf7-form-control-wrap\" data-name=\"your-message\"><textarea cols=\"40\" rows=\"10\" maxlength=\"2000\" class=\"wpcf7-form-control wpcf7-textarea wpcf7-validates-as-required\" aria-required=\"true\" aria-invalid=\"false\" placeholder=\"Message*\" name=\"your-message\"><\/textarea><\/span>\n<\/div>\n\n<div class=\"larch-request-quote f3\">\n<span class=\"wpcf7-form-control-wrap\" data-name=\"my-con\"><span class=\"wpcf7-form-control wpcf7-acceptance\"><span class=\"wpcf7-list-item\"><label><input type=\"checkbox\" name=\"my-con\" value=\"1\" aria-invalid=\"false\" \/><span class=\"wpcf7-list-item-label\">By browsing this site, you agree to our <a href=\"\/en\/privacy-policy\/\" target=\"_blank\">privacy policy.<\/a><\/span><\/label><\/span><\/span><\/span><div class=\"bt-contact\"><a class=\"btn-contact-left\"><input class=\"wpcf7-form-control wpcf7-submit has-spinner\" type=\"submit\" value=\"Send\" \/><\/a><\/div>\n<\/div>\n\n<style>\n.my-con{    float: left;\n    display: inline-block !important;\n    width: auto !important;}\n.f1{    width: 49%;\n    float: left;}\n.f2{    width: 49%;\n    float: right;}\n.f2 textarea{    height: 184px;}\n.f3{    float: left;\n    width: 100%;}\n.wpcf7 .larch-request-quote.f3 .bt-contact{    float: right;\n    width: auto;\n    margin-top: 0px !important;}\n@media (max-width: 767px){\n.f1, .f2{width:100% !important; float:left !important;}\n}\n<\/style><div class=\"wpcf7-response-output\" aria-hidden=\"true\"><\/div>\n<\/form>\n<\/div>\n[\/vc_column][\/vc_row]<\/p>\n","protected":false},"excerpt":{"rendered":"<p>[vc_row full_width=&#8221;stretch_row_content_no_spaces&#8221; equal_height=&#8221;yes&#8221; content_placement=&#8221;middle&#8221;][vc_column width=&#8221;1\/2&#8243; el_class=&#8221;home-padding2&#8243;][\/vc_column][vc_column width=&#8221;1\/2&#8243; css=&#8221;.vc_custom_1560174634102{background-image: url(https:\/\/inytium.com\/wp-content\/uploads\/2019\/06\/20180118_inytium_03.jpg?id=14901) !important;background-position: center !important;background-repeat: no-repeat !important;background-size: cover !important;}&#8221; el_class=&#8221;minheightbox-mobile&#8221;][\/vc_column][\/vc_row][vc_row bg_type=&#8221;bg_color&#8221; bg_override=&#8221;full&#8221; css=&#8221;.vc_custom_1559801972862{padding-top: 60px !important;padding-bottom: 60px !important;}&#8221; bg_color_value=&#8221;#7f7e80&#8243;][vc_column][vc_column_text] Three iconic references [\/vc_column_text][\/vc_column][vc_column width=&#8221;1\/3&#8243;][\/vc_column][vc_column width=&#8221;1\/3&#8243;][\/vc_column][vc_column width=&#8221;1\/3&#8243;][\/vc_column][\/vc_row][vc_row full_width=&#8221;stretch_row&#8221; bg_type=&#8221;image&#8221; parallax_style=&#8221;vcpb-vz-jquery&#8221; bg_image_new=&#8221;id^14004|url^https:\/\/inytium.com\/wp-content\/uploads\/2019\/04\/317-2.jpg|caption^null|alt^null|title^Contact icons on keyboard button|description^null&#8221; css=&#8221;.vc_custom_1554983057647{padding-top: 70px !important;padding-bottom: 70px !important;}&#8221; el_class=&#8221;black-form&#8221;][vc_column][vc_column_text] Contact us for a free quote: [\/vc_column_text][\/vc_column][\/vc_row]<\/p>\n","protected":false},"author":1,"featured_media":0,"parent":15488,"menu_order":0,"comment_status":"closed","ping_status":"closed","template":"page.php","meta":{"_acf_changed":false,"footnotes":""},"class_list":["post-15516","page","type-page","status-publish","hentry"],"acf":[],"aioseo_notices":[],"_links":{"self":[{"href":"https:\/\/inytium.com\/en\/wp-json\/wp\/v2\/pages\/15516","targetHints":{"allow":["GET"]}}],"collection":[{"href":"https:\/\/inytium.com\/en\/wp-json\/wp\/v2\/pages"}],"about":[{"href":"https:\/\/inytium.com\/en\/wp-json\/wp\/v2\/types\/page"}],"author":[{"embeddable":true,"href":"https:\/\/inytium.com\/en\/wp-json\/wp\/v2\/users\/1"}],"replies":[{"embeddable":true,"href":"https:\/\/inytium.com\/en\/wp-json\/wp\/v2\/comments?post=15516"}],"version-history":[{"count":7,"href":"https:\/\/inytium.com\/en\/wp-json\/wp\/v2\/pages\/15516\/revisions"}],"predecessor-version":[{"id":16696,"href":"https:\/\/inytium.com\/en\/wp-json\/wp\/v2\/pages\/15516\/revisions\/16696"}],"up":[{"embeddable":true,"href":"https:\/\/inytium.com\/en\/wp-json\/wp\/v2\/pages\/15488"}],"wp:attachment":[{"href":"https:\/\/inytium.com\/en\/wp-json\/wp\/v2\/media?parent=15516"}],"curies":[{"name":"wp","href":"https:\/\/api.w.org\/{rel}","templated":true}]}}